{"id":29,"date":"2022-08-06T07:22:19","date_gmt":"2022-08-06T05:22:19","guid":{"rendered":"https:\/\/www.knorr-freiburg.de\/?page_id=29"},"modified":"2022-08-06T08:19:11","modified_gmt":"2022-08-06T06:19:11","slug":"agbs","status":"publish","type":"page","link":"https:\/\/www.knorr-freiburg.de\/?page_id=29","title":{"rendered":"AGB\u00b4s"},"content":{"rendered":"\n<p>(Fassung vom 01. August 2021)<\/p>\n\n\n\n<ol class=\"wp-block-list\"><li><strong>Vertragspartner<\/strong><\/li><\/ol>\n\n\n\n<p>Ihr Vertrag kommt mit Knorr IT Services (nachstehend \u201eKnorr IT Services\u201c, \u201ewir\u201c, \u201euns\u201c), Blauenstr. 16, 79115 Freiburg zustande.<\/p>\n\n\n\n<p><br>Inhaber: Torsten Knorr<br>Telefon: 0176 46616769<br>E-Mail: info@knorr-freiburg.de<br>Gerichtsstand: Freiburg im Breisgau<br>Steuernummer: DE 346051312<\/p>\n\n\n\n<ol class=\"wp-block-list\" start=\"2\"><li><strong>Geltungsbereich<\/strong><\/li><\/ol>\n\n\n\n<p>2.1 F\u00fcr alle gegenseitigen Anspr\u00fcche aus und im Zusammenhang mit einem Vertragsabschluss zwischen Kunden<br>im Sinne des \u00a7 14 BGB und der Knorr IT Services gelten ausschlie\u00dflich diese allgemeinen Gesch\u00e4ftsbedingungen in ihrer<br>zum Zeitpunkt des jeweiligen Vertragsabschlusses g\u00fcltigen Fassung.<br>Die Geltung abweichender Gesch\u00e4ftsbedingungen des Kunden ist ausgeschlossen, sofern Knorr IT Services deren Geltung nicht zuvor ausdr\u00fccklich schriftlich zugestimmt hat. Der Geltungsausschluss gilt auch f\u00fcr den Fall, dass Knorr IT Services eine Kundenbestellung in Kenntnis der abweichenden Kundenbedingungen vorbehaltslos annimmt und ausf\u00fchrt.<\/p>\n\n\n\n<ol class=\"wp-block-list\" start=\"3\"><li>Gesetzliche Rege<strong>lung<\/strong><\/li><\/ol>\n\n\n\n<p>3.1 Die Bestellbest\u00e4tigung ist keine Annahme des Vertrages durch Knorr IT Services.<br><\/p>\n\n\n\n<p>3.2 Angebote gegen\u00fcber Unternehmen sind grunds\u00e4tzlich freibleibend.<br><\/p>\n\n\n\n<p>3.3 Die Annahme erfolgt durch Knorr IT Services mit gesonderter Auftragsbest\u00e4tigung, oder mit Durchf\u00fchrung der Dienstleistung.<br><\/p>\n\n\n\n<p>3.4 Die Vertragssprache ist Deutsch.<br><\/p>\n\n\n\n<p>3.5 Knorr IT Services speichert den Vertragstext. Die AGB kann der Kunde jederzeit unter www.Knorr-Freiburg.de einsehen.<\/p>\n\n\n\n<ol class=\"wp-block-list\" start=\"4\"><li><strong>Preise, Zahlungsarten \/ -bedingungen<\/strong><\/li><\/ol>\n\n\n\n<p>4.1 Rechnungsbetr\u00e4ge sind innerhalb von 8 Tagen ab Rechnungsdatum ohne Abzug f\u00e4llig und auf das, in der Rechnung angegebene Konto zu zahlen; soweit nicht schriftlich abweichende Vereinbarungen getroffen, oder auf der Rechnung abweichende Zahlungsfristen ausgewiesen wurden.<\/p>\n\n\n\n<ol class=\"wp-block-list\" start=\"5\"><li><strong>H\u00f6here Gewalt<\/strong><\/li><\/ol>\n\n\n\n<p>5.1 In F\u00e4llen h\u00f6herer Gewalt, wie z.B. Krieg oder Kriegsgefahren, Arbeitskampfma\u00dfnahmen (auch in Zulieferbetrieben, von deren Materialbezug Knorr IT Services abh\u00e4ngig ist), die f\u00fcr Knorr IT Services nicht vorhersehbar und unvermeidbar sind, ist Knorr IT Services berechtigt, die Erf\u00fcllung des Vertrags nach Absprache ab Eingang der Bestellung hinauszuschieben. Der Kunde wird hier\u00fcber unverz\u00fcglich informiert. Sollte der Kunde mit der Verschiebung nicht einverstanden sein, ist er berechtigt, vom Vertrag zur\u00fcckzutreten. Etwaige bereits erbrachte Gegenleistungen werden ihm unverz\u00fcglich erstattet. Schadensersatzanspr\u00fcche sind in diesem Fall ausgeschlossen. <\/p>\n\n\n\n<p>5.2 Im Falle eines rechtswidrigen Arbeitskampfs haftet Knorr IT Services nur f\u00fcr grobes Verschulden.<\/p>\n\n\n\n<ol class=\"wp-block-list\" start=\"6\"><li><strong>Lieferung<\/strong><\/li><\/ol>\n\n\n\n<p>6.1 Zuz\u00fcglich zu den angegebenen Preisen sind anfallende Versandkosten oder Fahrtkosten vom Kunden zu tragen,<br>soweit nicht gesondert anderes schriftlich vereinbart ist.<\/p>\n\n\n\n<p><br>6.2 Ist der Kunde Unternehmer, geht die Gefahr mit \u00dcbergabe der Ware an den Spediteur bzw. bei Abholung durch den Kunden, bei Versandbereitschaft auf den Kunden \u00fcber.<\/p>\n\n\n\n<ol class=\"wp-block-list\" start=\"7\"><li><strong>Eigentumsvorbehalt<\/strong><\/li><\/ol>\n\n\n\n<p>7.1 Knorr IT Services beh\u00e4lt sich das Eigentum an allen Waren, die von ihr an einen Kunden ausgeliefert werden, bis zur endg\u00fcltigen und vollst\u00e4ndigen Zahlung der gelieferten Ware vor.<\/p>\n\n\n\n<ol class=\"wp-block-list\" start=\"8\"><li><strong>Gew\u00e4hrleistung<\/strong><\/li><\/ol>\n\n\n\n<p>8.1 Es gelten die gesetzlichen Gew\u00e4hrleistungsrechte. Die Rechte aus einer etwaigen Garantie werden durch diese AGB weder ausgeschlossen noch beschr\u00e4nkt.<\/p>\n\n\n\n<p><br>8.2 Ist der Kunde Unternehmer entscheidet Knorr IT Services \u00fcber die Art der Nacherf\u00fcllung und es gilt zus\u00e4tzlich \u00a7 377 HGB; im Fall der Ersatzlieferung sind die Kosten des Ausbaus der mangelhaften Sache und die Kosten des Einbaus der mangelfreien Ersatzsache vom Nacherf\u00fcllungsanspruch nicht erfasst.<br><\/p>\n\n\n\n<p>8.3 M\u00e4ngelanspr\u00fcche des Kunden, der Unternehmer ist, verj\u00e4hren in einem Jahr ab Lieferung.<br><\/p>\n\n\n\n<p>8.4 Im Falle des R\u00fccktritts gilt \u00a7 346 BGB.<\/p>\n\n\n\n<ol class=\"wp-block-list\" start=\"9\"><li><strong>Beendigung<\/strong><\/li><\/ol>\n\n\n\n<p>9.1 K\u00fcndigt der Kunde den Vertrag, so hat er die bis dahin angefallenen Arbeiten und Kosten, einschlie\u00dflich der Auf-<br>wendungen f\u00fcr bestellte und bereits beschaffte Ware, zu bezahlen.<\/p>\n\n\n\n<ol class=\"wp-block-list\" start=\"10\"><li><strong>Haftung<\/strong><\/li><\/ol>\n\n\n\n<p>10.1 Schadensersatzanspr\u00fcche des Kunden sind ausgeschlossen. Das gilt nicht soweit Muster-GmbH nach zwingenden<br>gesetzlichen Vorschriften (z. B. Produkthaftungsgesetz), bei Vorsatz, grober Fahrl\u00e4ssigkeit, wegen der Verletzung<br>des Lebens, des K\u00f6rpers oder der Gesundheit oder wegen der Verletzung wesentlicher Vertragspflichten, d.h.<br>Pflichten, die Knorr IT Services dem Kunden nach Inhalt und Zweck des Vertrages gerade zu gew\u00e4hren hat oder deren Erf\u00fcllung die ordnungsgem\u00e4\u00dfe Durchf\u00fchrung des Vertrages \u00fcberhaupt erst erm\u00f6glicht und auf deren Einhaltung der Kunde regelm\u00e4\u00dfig vertraut und vertrauen darf, haftet. Ein Anspruch auf Schadensersatz wegen einer leicht fahrl\u00e4ssigen Verletzung wesentlicher Vertragspflichten ist auf den vertragstypischen, vorhersehbaren Schaden begrenzt.<\/p>\n\n\n\n<ol class=\"wp-block-list\" start=\"11\"><li><strong>Rechtswahl<\/strong><\/li><\/ol>\n\n\n\n<p>11.1 Auf die Rechtsverh\u00e4ltnisse zwischen der Knorr IT Services und Kunden, sowie auf die jeweiligen Allgemeinen Gesch\u00e4ftsbedingungen findet deutsches Recht Anwendung.<\/p>\n\n\n\n<ol class=\"wp-block-list\" start=\"12\"><li><strong>Verschiedenes<\/strong><\/li><\/ol>\n\n\n\n<p>12.1 Ein Recht des Kunden zur Aufrechnung oder Zur\u00fcckbehaltung besteht nicht, es sei denn, die Forderung ist<br>unstreitig oder rechtskr\u00e4ftig gerichtlich festgestellt.<br><\/p>\n\n\n\n<p>12.2 Erf\u00fcllungsort f\u00fcr Zahlungen ist der Gesch\u00e4ftssitz der Knorr IT Services.<br><\/p>\n\n\n\n<p>12.3 Sollten einzelne Bestimmungen dieses Vertrages ganz oder teilweise nicht rechtswirksam sein, oder ihre Rechtswirksamkeit sp\u00e4ter verlieren, so soll hierdurch die G\u00fcltigkeit des Vertrages im \u00dcbrigen nicht ber\u00fchrt werden. F\u00fcr diesen Fall verpflichten sich die Parteien, anstelle der unwirksamen Regelung eine wirksame Regelung zu vereinbaren, die, soweit rechtlich m\u00f6glich, den mit der unwirksamen Regelung verfolgten wirtschaftlichen Zweck unter Ber\u00fccksichtigung der in diesem Vertrag zum Ausdruck gekommenen Interessen der Parteien am n\u00e4chsten kommt. Das gleiche gilt, soweit der Vertrag eine von den Parteien nicht vorhergesehene L\u00fccke aufweist.<br><\/p>\n\n\n\n<p>12.4 Die von uns betriebene Website sowie deren gesamter Inhalt insbesondere Texte, Fotos, Bilder, Grafiken, Illustrationen und etwaige Software sowie alle Marken, Patente, Gebrauchsmuster sind s\u00e4mtlich durch gewerbliche Schutzrechte, insbesondere Urheberrechte, Namens- und Bildrechte, Marken, in Kraft befindliche Patente oder Gebrauchsmuster gegen unberechtigte Nutzung gesch\u00fctzt. Die Nutzung au\u00dferhalb der Nutzung der Webseite bedarf der vorherigen schriftlichen Zustimmung der Knorr IT Services, oder wenn die jeweiligen Rechte nicht bei uns liegen, von Seiten des Rechteinhabers.<br><\/p>\n\n\n\n<p>12.5 Ist der Vertragspartner Kaufmann im Sinne des HGB, eine juristische Person des \u00f6ffentlichen Rechts oder ein \u00f6ffentlich-rechtliches Sonderverm\u00f6gen, w\u00e4hlt Knorr IT Services einen gesetzlichen Gerichtsstand.<\/p>\n","protected":false},"excerpt":{"rendered":"<p>(Fassung vom 01. August 2021) Vertragspartner Ihr Vertrag kommt mit Knorr IT Services (nachstehend \u201eKnorr IT Services\u201c, \u201ewir\u201c, \u201euns\u201c), Blauenstr. 16, 79115 Freiburg zustande. Inhaber: Torsten KnorrTelefon: 0176 46616769E-Mail: info@knorr-freiburg.deGerichtsstand:&hellip;<\/p>\n","protected":false},"author":1,"featured_media":0,"parent":2,"menu_order":0,"comment_status":"closed","ping_status":"closed","template":"","meta":{"footnotes":""},"class_list":["post-29","page","type-page","status-publish","hentry"],"_links":{"self":[{"href":"https:\/\/www.knorr-freiburg.de\/index.php?rest_route=\/wp\/v2\/pages\/29","targetHints":{"allow":["GET"]}}],"collection":[{"href":"https:\/\/www.knorr-freiburg.de\/index.php?rest_route=\/wp\/v2\/pages"}],"about":[{"href":"https:\/\/www.knorr-freiburg.de\/index.php?rest_route=\/wp\/v2\/types\/page"}],"author":[{"embeddable":true,"href":"https:\/\/www.knorr-freiburg.de\/index.php?rest_route=\/wp\/v2\/users\/1"}],"replies":[{"embeddable":true,"href":"https:\/\/www.knorr-freiburg.de\/index.php?rest_route=%2Fwp%2Fv2%2Fcomments&post=29"}],"version-history":[{"count":2,"href":"https:\/\/www.knorr-freiburg.de\/index.php?rest_route=\/wp\/v2\/pages\/29\/revisions"}],"predecessor-version":[{"id":60,"href":"https:\/\/www.knorr-freiburg.de\/index.php?rest_route=\/wp\/v2\/pages\/29\/revisions\/60"}],"up":[{"embeddable":true,"href":"https:\/\/www.knorr-freiburg.de\/index.php?rest_route=\/wp\/v2\/pages\/2"}],"wp:attachment":[{"href":"https:\/\/www.knorr-freiburg.de\/index.php?rest_route=%2Fwp%2Fv2%2Fmedia&parent=29"}],"curies":[{"name":"wp","href":"https:\/\/api.w.org\/{rel}","templated":true}]}}