{"id":25,"date":"2022-08-06T07:21:25","date_gmt":"2022-08-06T05:21:25","guid":{"rendered":"https:\/\/www.knorr-freiburg.de\/?page_id=25"},"modified":"2022-08-06T14:48:39","modified_gmt":"2022-08-06T12:48:39","slug":"ueber-mich","status":"publish","type":"page","link":"https:\/\/www.knorr-freiburg.de\/?page_id=25","title":{"rendered":"\u00dcber mich"},"content":{"rendered":"\n<p>Meine Ausbildung zum Elektroinstallateur absolvierte ich 94-98 in Freiburg.<\/p>\n\n\n\n<p>Seit 2007 besch\u00e4ftige ich mich mit IP-Kameras, Speichersystemen und Netzwerktechnik, von der Verkabelung (Kupfer und Lichtwellenleiter) \u00fcber Switche und Router, bis hin zu Speicher- und Serversystemen.<\/p>\n\n\n\n<p><br>Um die bereits erworbenen Erkenntnisse zu vertiefen, entschied ich mich, 2016 den staatlich gepr\u00fcften Techniker der Elektrotechnik \/ Informationstechnik in Teilzeitform durchzuf\u00fchren. Diesen habe ich 2020 erfolgreich abgeschlossen.<br>Im September 21 habe ich mich entschlossen dieses Gewerbe anzumelden, da die Anfragen in diesen Bereichen st\u00e4ndig wachsen.<\/p>\n\n\n\n<p><br>L\u00f6sungsorientiertes Arbeiten und die Kundenzufriedenheit haben bei mir die h\u00f6chste Priorit\u00e4t. Anfragen werden von mir gerne unverbindlich beantwortet.<\/p>\n\n\n\n<figure class=\"wp-block-image size-large is-resized\"><img loading=\"lazy\" decoding=\"async\" src=\"http:\/\/453318.test-my-website.de\/wp-content\/uploads\/2022\/08\/Techniker-771x1024.jpeg\" alt=\"\" class=\"wp-image-82\" width=\"571\" height=\"758\" srcset=\"https:\/\/www.knorr-freiburg.de\/wp-content\/uploads\/2022\/08\/Techniker-771x1024.jpeg 771w, https:\/\/www.knorr-freiburg.de\/wp-content\/uploads\/2022\/08\/Techniker-226x300.jpeg 226w, https:\/\/www.knorr-freiburg.de\/wp-content\/uploads\/2022\/08\/Techniker-768x1019.jpeg 768w, https:\/\/www.knorr-freiburg.de\/wp-content\/uploads\/2022\/08\/Techniker-1157x1536.jpeg 1157w, https:\/\/www.knorr-freiburg.de\/wp-content\/uploads\/2022\/08\/Techniker-1543x2048.jpeg 1543w, https:\/\/www.knorr-freiburg.de\/wp-content\/uploads\/2022\/08\/Techniker-600x796.jpeg 600w, https:\/\/www.knorr-freiburg.de\/wp-content\/uploads\/2022\/08\/Techniker.jpeg 1686w\" sizes=\"auto, (max-width: 571px) 100vw, 571px\" \/><\/figure>\n","protected":false},"excerpt":{"rendered":"<p>Meine Ausbildung zum Elektroinstallateur absolvierte ich 94-98 in Freiburg. Seit 2007 besch\u00e4ftige ich mich mit IP-Kameras, Speichersystemen und Netzwerktechnik, von der Verkabelung (Kupfer und Lichtwellenleiter) \u00fcber Switche und Router, bis&hellip;<\/p>\n","protected":false},"author":1,"featured_media":0,"parent":2,"menu_order":0,"comment_status":"closed","ping_status":"closed","template":"","meta":{"footnotes":""},"class_list":["post-25","page","type-page","status-publish","hentry"],"_links":{"self":[{"href":"https:\/\/www.knorr-freiburg.de\/index.php?rest_route=\/wp\/v2\/pages\/25","targetHints":{"allow":["GET"]}}],"collection":[{"href":"https:\/\/www.knorr-freiburg.de\/index.php?rest_route=\/wp\/v2\/pages"}],"about":[{"href":"https:\/\/www.knorr-freiburg.de\/index.php?rest_route=\/wp\/v2\/types\/page"}],"author":[{"embeddable":true,"href":"https:\/\/www.knorr-freiburg.de\/index.php?rest_route=\/wp\/v2\/users\/1"}],"replies":[{"embeddable":true,"href":"https:\/\/www.knorr-freiburg.de\/index.php?rest_route=%2Fwp%2Fv2%2Fcomments&post=25"}],"version-history":[{"count":3,"href":"https:\/\/www.knorr-freiburg.de\/index.php?rest_route=\/wp\/v2\/pages\/25\/revisions"}],"predecessor-version":[{"id":96,"href":"https:\/\/www.knorr-freiburg.de\/index.php?rest_route=\/wp\/v2\/pages\/25\/revisions\/96"}],"up":[{"embeddable":true,"href":"https:\/\/www.knorr-freiburg.de\/index.php?rest_route=\/wp\/v2\/pages\/2"}],"wp:attachment":[{"href":"https:\/\/www.knorr-freiburg.de\/index.php?rest_route=%2Fwp%2Fv2%2Fmedia&parent=25"}],"curies":[{"name":"wp","href":"https:\/\/api.w.org\/{rel}","templated":true}]}}