{"id":2,"date":"2022-08-05T20:52:48","date_gmt":"2022-08-05T18:52:48","guid":{"rendered":"https:\/\/www.knorr-freiburg.de\/?page_id=2"},"modified":"2022-08-06T08:37:30","modified_gmt":"2022-08-06T06:37:30","slug":"hauptseite","status":"publish","type":"page","link":"https:\/\/www.knorr-freiburg.de\/","title":{"rendered":"Startseite"},"content":{"rendered":"\n<h2 class=\"wp-block-heading\">Herzlich Willkommen<\/h2>\n\n\n\n<p><\/p>\n\n\n\n<p>Im Netzwerk l\u00e4uft nicht immer alles so, wie man es sich vorstellt.<br>Ob trotz schneller Internetanbindung kaum Durchsatz an den Endger\u00e4ten ankommt, oder das WLAN Verbindungsabbr\u00fcche vorweist.<\/p>\n\n\n\n<p><br>Kameraanlagen nicht zur Zufriedenheit laufen, oder durch Stromnetzschwankungen die Ger\u00e4te aussteigen.<br><\/p>\n\n\n\n<p>Server- oder Speichersysteme k\u00f6nnen ihre T\u00fccken durch Fehlkonfiguration, oder falscher Hardware aufweisen.<br><\/p>\n\n\n\n<p>Dies sind meine Spezialgebiete, bei denen ich Ihnen mit hohem \u201eknow how\u201c gerne helfe.<br>Ob Sie hierbei eine Privatperson sind, oder ein Unternehmen leiten spielt f\u00fcr mich keine Rolle.<br><\/p>\n\n\n\n<p>Ich bearbeite Ihre Anfrage gerne und unverbindlich.<\/p>\n","protected":false},"excerpt":{"rendered":"<p>Herzlich Willkommen Im Netzwerk l\u00e4uft nicht immer alles so, wie man es sich vorstellt.Ob trotz schneller Internetanbindung kaum Durchsatz an den Endger\u00e4ten ankommt, oder das WLAN Verbindungsabbr\u00fcche vorweist. Kameraanlagen nicht&hellip;<\/p>\n","protected":false},"author":1,"featured_media":0,"parent":0,"menu_order":0,"comment_status":"closed","ping_status":"closed","template":"","meta":{"footnotes":""},"class_list":["post-2","page","type-page","status-publish","hentry"],"_links":{"self":[{"href":"https:\/\/www.knorr-freiburg.de\/index.php?rest_route=\/wp\/v2\/pages\/2","targetHints":{"allow":["GET"]}}],"collection":[{"href":"https:\/\/www.knorr-freiburg.de\/index.php?rest_route=\/wp\/v2\/pages"}],"about":[{"href":"https:\/\/www.knorr-freiburg.de\/index.php?rest_route=\/wp\/v2\/types\/page"}],"author":[{"embeddable":true,"href":"https:\/\/www.knorr-freiburg.de\/index.php?rest_route=\/wp\/v2\/users\/1"}],"replies":[{"embeddable":true,"href":"https:\/\/www.knorr-freiburg.de\/index.php?rest_route=%2Fwp%2Fv2%2Fcomments&post=2"}],"version-history":[{"count":4,"href":"https:\/\/www.knorr-freiburg.de\/index.php?rest_route=\/wp\/v2\/pages\/2\/revisions"}],"predecessor-version":[{"id":68,"href":"https:\/\/www.knorr-freiburg.de\/index.php?rest_route=\/wp\/v2\/pages\/2\/revisions\/68"}],"wp:attachment":[{"href":"https:\/\/www.knorr-freiburg.de\/index.php?rest_route=%2Fwp%2Fv2%2Fmedia&parent=2"}],"curies":[{"name":"wp","href":"https:\/\/api.w.org\/{rel}","templated":true}]}}